{"id":14987,"date":"2025-07-28T06:06:04","date_gmt":"2025-07-28T06:06:04","guid":{"rendered":"https:\/\/ikram.teknomatyazilim.com\/?page_id=14987"},"modified":"2025-07-28T06:07:54","modified_gmt":"2025-07-28T06:07:54","slug":"bize-katilin","status":"publish","type":"page","link":"https:\/\/ikram.teknomatyazilim.com\/index.php\/bize-katilin\/","title":{"rendered":"Bize Kat\u0131l\u0131n"},"content":{"rendered":"\t\t<div data-elementor-type=\"wp-page\" data-elementor-id=\"14987\" class=\"elementor elementor-14987\">\n\t\t\t\t<div class=\"elementor-element elementor-element-293800c e-flex e-con-boxed e-con e-parent\" data-id=\"293800c\" data-element_type=\"container\">\n\t\t\t\t\t<div class=\"e-con-inner\">\n\t\t<div class=\"elementor-element elementor-element-2d48630 e-con-full e-flex e-con e-child\" data-id=\"2d48630\" data-element_type=\"container\" data-settings=\"{&quot;background_background&quot;:&quot;classic&quot;}\">\n\t\t<div class=\"elementor-element elementor-element-31fbfa9 e-con-full e-flex e-con e-child\" data-id=\"31fbfa9\" data-element_type=\"container\">\n\t\t\t\t<div class=\"elementor-element elementor-element-8d0ea29 why-choose-us-image-1 at-shiny-glass-effect elementor-widget elementor-widget-image\" data-id=\"8d0ea29\" data-element_type=\"widget\" data-settings=\"{&quot;ekit_we_effect_on&quot;:&quot;none&quot;}\" data-widget_type=\"image.default\">\n\t\t\t\t\t\t\t\t\t\t\t\t\t\t\t<img fetchpriority=\"high\" decoding=\"async\" width=\"2304\" height=\"1792\" src=\"https:\/\/ikram.teknomatyazilim.com\/wp-content\/uploads\/2025\/07\/Firefly_-A-group-of-young-men-and-women-aged-20-to-25-standing-together-outdoors-in-a-rural-707304.jpg\" class=\"attachment-full size-full wp-image-14867\" alt=\"\" srcset=\"https:\/\/ikram.teknomatyazilim.com\/wp-content\/uploads\/2025\/07\/Firefly_-A-group-of-young-men-and-women-aged-20-to-25-standing-together-outdoors-in-a-rural-707304.jpg 2304w, https:\/\/ikram.teknomatyazilim.com\/wp-content\/uploads\/2025\/07\/Firefly_-A-group-of-young-men-and-women-aged-20-to-25-standing-together-outdoors-in-a-rural-707304-300x233.jpg 300w, https:\/\/ikram.teknomatyazilim.com\/wp-content\/uploads\/2025\/07\/Firefly_-A-group-of-young-men-and-women-aged-20-to-25-standing-together-outdoors-in-a-rural-707304-1024x796.jpg 1024w, https:\/\/ikram.teknomatyazilim.com\/wp-content\/uploads\/2025\/07\/Firefly_-A-group-of-young-men-and-women-aged-20-to-25-standing-together-outdoors-in-a-rural-707304-768x597.jpg 768w, https:\/\/ikram.teknomatyazilim.com\/wp-content\/uploads\/2025\/07\/Firefly_-A-group-of-young-men-and-women-aged-20-to-25-standing-together-outdoors-in-a-rural-707304-1536x1195.jpg 1536w, https:\/\/ikram.teknomatyazilim.com\/wp-content\/uploads\/2025\/07\/Firefly_-A-group-of-young-men-and-women-aged-20-to-25-standing-together-outdoors-in-a-rural-707304-2048x1593.jpg 2048w\" sizes=\"(max-width: 2304px) 100vw, 2304px\" \/>\t\t\t\t\t\t\t\t\t\t\t\t\t\t\t<\/div>\n\t\t\t\t<div class=\"elementor-element elementor-element-0ec40a6 elementor-absolute why-choose-us-image-2 at-shiny-glass-effect elementor-widget__width-initial at-image-animation at-animation-image-none elementor-widget elementor-widget-image\" data-id=\"0ec40a6\" data-element_type=\"widget\" data-settings=\"{&quot;_position&quot;:&quot;absolute&quot;,&quot;ekit_we_effect_on&quot;:&quot;none&quot;}\" data-widget_type=\"image.default\">\n\t\t\t\t\t\t\t\t\t\t\t\t\t\t\t<img decoding=\"async\" width=\"2304\" height=\"1792\" src=\"https:\/\/ikram.teknomatyazilim.com\/wp-content\/uploads\/2025\/07\/Firefly_-turkish-A-young-boy-sitting-barefoot-on-dry-dusty-ground-in-a-barren-village-enviro-804704-1.jpg\" class=\"attachment-full size-full wp-image-14894\" alt=\"\" srcset=\"https:\/\/ikram.teknomatyazilim.com\/wp-content\/uploads\/2025\/07\/Firefly_-turkish-A-young-boy-sitting-barefoot-on-dry-dusty-ground-in-a-barren-village-enviro-804704-1.jpg 2304w, https:\/\/ikram.teknomatyazilim.com\/wp-content\/uploads\/2025\/07\/Firefly_-turkish-A-young-boy-sitting-barefoot-on-dry-dusty-ground-in-a-barren-village-enviro-804704-1-300x233.jpg 300w, https:\/\/ikram.teknomatyazilim.com\/wp-content\/uploads\/2025\/07\/Firefly_-turkish-A-young-boy-sitting-barefoot-on-dry-dusty-ground-in-a-barren-village-enviro-804704-1-1024x796.jpg 1024w, https:\/\/ikram.teknomatyazilim.com\/wp-content\/uploads\/2025\/07\/Firefly_-turkish-A-young-boy-sitting-barefoot-on-dry-dusty-ground-in-a-barren-village-enviro-804704-1-768x597.jpg 768w, https:\/\/ikram.teknomatyazilim.com\/wp-content\/uploads\/2025\/07\/Firefly_-turkish-A-young-boy-sitting-barefoot-on-dry-dusty-ground-in-a-barren-village-enviro-804704-1-1536x1195.jpg 1536w, https:\/\/ikram.teknomatyazilim.com\/wp-content\/uploads\/2025\/07\/Firefly_-turkish-A-young-boy-sitting-barefoot-on-dry-dusty-ground-in-a-barren-village-enviro-804704-1-2048x1593.jpg 2048w\" sizes=\"(max-width: 2304px) 100vw, 2304px\" \/>\t\t\t\t\t\t\t\t\t\t\t\t\t\t\t<\/div>\n\t\t\t\t<\/div>\n\t\t<div class=\"elementor-element elementor-element-34876e7 e-con-full e-flex e-con e-child\" data-id=\"34876e7\" data-element_type=\"container\" data-settings=\"{&quot;background_background&quot;:&quot;classic&quot;}\">\n\t\t\t\t<div class=\"elementor-element elementor-element-c917fae section-title at-heading-animation at-animation-heading-none elementor-invisible elementor-widget elementor-widget-heading\" data-id=\"c917fae\" data-element_type=\"widget\" data-settings=\"{&quot;_animation&quot;:&quot;fadeInUp&quot;,&quot;ekit_we_effect_on&quot;:&quot;none&quot;}\" data-widget_type=\"heading.default\">\n\t\t\t\t\t<h3 class=\"elementor-heading-title elementor-size-default\">Neden Biz?<\/h3>\t\t\t\t<\/div>\n\t\t\t\t<div class=\"elementor-element elementor-element-5187411 at-heading-animation at-animation-heading-style-2 elementor-widget elementor-widget-heading\" data-id=\"5187411\" data-element_type=\"widget\" data-settings=\"{&quot;ekit_we_effect_on&quot;:&quot;none&quot;}\" data-widget_type=\"heading.default\">\n\t\t\t\t\t<h3 class=\"elementor-heading-title elementor-size-default\">Birlikte Daha G\u00fc\u00e7l\u00fcy\u00fcz, Daha Etkiliyiz<\/h3>\t\t\t\t<\/div>\n\t\t\t\t<div class=\"elementor-element elementor-element-fb18222 elementor-invisible elementor-widget elementor-widget-text-editor\" data-id=\"fb18222\" data-element_type=\"widget\" data-settings=\"{&quot;_animation&quot;:&quot;fadeInUp&quot;,&quot;_animation_delay&quot;:100,&quot;ekit_we_effect_on&quot;:&quot;none&quot;}\" data-widget_type=\"text-editor.default\">\n\t\t\t\t\t\t\t\t\t<p>\u015eeffaf, topluma odakl\u0131 ve g\u00fcven temelli yakla\u015f\u0131m\u0131m\u0131zla kal\u0131c\u0131 \u00e7\u00f6z\u00fcmler \u00fcretiyoruz. \u0130kram Vakf\u0131 olarak sizinle birlikte y\u00fcr\u00fctt\u00fc\u011f\u00fcm\u00fcz her \u00e7al\u0131\u015fma, ger\u00e7ek bir de\u011fi\u015fime katk\u0131 sa\u011fl\u0131yor.<\/p>\t\t\t\t\t\t\t\t<\/div>\n\t\t\t\t<div class=\"elementor-element elementor-element-327651e why-choose-list elementor-icon-list--layout-traditional elementor-list-item-link-full_width elementor-invisible elementor-widget elementor-widget-icon-list\" data-id=\"327651e\" data-element_type=\"widget\" data-settings=\"{&quot;_animation&quot;:&quot;fadeInUp&quot;,&quot;_animation_delay&quot;:200,&quot;ekit_we_effect_on&quot;:&quot;none&quot;}\" data-widget_type=\"icon-list.default\">\n\t\t\t\t\t\t\t<ul class=\"elementor-icon-list-items\">\n\t\t\t\t\t\t\t<li class=\"elementor-icon-list-item\">\n\t\t\t\t\t\t\t\t\t\t\t<span class=\"elementor-icon-list-icon\">\n\t\t\t\t\t\t\t<svg xmlns=\"http:\/\/www.w3.org\/2000\/svg\" width=\"28\" height=\"25\" viewBox=\"0 0 28 25\" fill=\"none\"><path d=\"M11.0295 24.5003C16.6539 24.5003 21.2134 19.9408 21.2134 14.3164C21.2134 8.69203 16.6539 4.13257 11.0295 4.13257C5.40517 4.13257 0.845703 8.69203 0.845703 14.3164C0.845703 19.9408 5.40517 24.5003 11.0295 24.5003Z\" fill=\"#FF6D00\"><\/path><path d=\"M11.1449 22.1879L11.0158 21.9678C9.04269 18.606 3.79949 11.4719 3.74653 11.4003L3.6709 11.2975L5.45723 9.53212L11.1118 13.4805C14.672 8.86059 17.9935 5.68739 20.1601 3.83437C22.5301 1.80735 24.0729 0.874181 24.0884 0.865238L24.1235 0.844238H27.1536L26.8642 1.10201C19.4202 7.73235 11.3517 21.8245 11.2713 21.9661L11.1449 22.1879Z\" fill=\"#020D19\"><\/path><\/svg>\t\t\t\t\t\t<\/span>\n\t\t\t\t\t\t\t\t\t\t<span class=\"elementor-icon-list-text\">Toplum Odakl\u0131 Yakla\u015f\u0131m<\/span>\n\t\t\t\t\t\t\t\t\t<\/li>\n\t\t\t\t\t\t\t\t<li class=\"elementor-icon-list-item\">\n\t\t\t\t\t\t\t\t\t\t\t<span class=\"elementor-icon-list-icon\">\n\t\t\t\t\t\t\t<svg xmlns=\"http:\/\/www.w3.org\/2000\/svg\" width=\"28\" height=\"25\" viewBox=\"0 0 28 25\" fill=\"none\"><path d=\"M11.0295 24.5003C16.6539 24.5003 21.2134 19.9408 21.2134 14.3164C21.2134 8.69203 16.6539 4.13257 11.0295 4.13257C5.40517 4.13257 0.845703 8.69203 0.845703 14.3164C0.845703 19.9408 5.40517 24.5003 11.0295 24.5003Z\" fill=\"#FF6D00\"><\/path><path d=\"M11.1449 22.1879L11.0158 21.9678C9.04269 18.606 3.79949 11.4719 3.74653 11.4003L3.6709 11.2975L5.45723 9.53212L11.1118 13.4805C14.672 8.86059 17.9935 5.68739 20.1601 3.83437C22.5301 1.80735 24.0729 0.874181 24.0884 0.865238L24.1235 0.844238H27.1536L26.8642 1.10201C19.4202 7.73235 11.3517 21.8245 11.2713 21.9661L11.1449 22.1879Z\" fill=\"#020D19\"><\/path><\/svg>\t\t\t\t\t\t<\/span>\n\t\t\t\t\t\t\t\t\t\t<span class=\"elementor-icon-list-text\">G\u00f6n\u00fcll\u00fc ve Ba\u011f\u0131\u015f\u00e7\u0131 Kat\u0131l\u0131m\u0131<\/span>\n\t\t\t\t\t\t\t\t\t<\/li>\n\t\t\t\t\t\t\t\t<li class=\"elementor-icon-list-item\">\n\t\t\t\t\t\t\t\t\t\t\t<span class=\"elementor-icon-list-icon\">\n\t\t\t\t\t\t\t<svg xmlns=\"http:\/\/www.w3.org\/2000\/svg\" width=\"28\" height=\"25\" viewBox=\"0 0 28 25\" fill=\"none\"><path d=\"M11.0295 24.5003C16.6539 24.5003 21.2134 19.9408 21.2134 14.3164C21.2134 8.69203 16.6539 4.13257 11.0295 4.13257C5.40517 4.13257 0.845703 8.69203 0.845703 14.3164C0.845703 19.9408 5.40517 24.5003 11.0295 24.5003Z\" fill=\"#FF6D00\"><\/path><path d=\"M11.1449 22.1879L11.0158 21.9678C9.04269 18.606 3.79949 11.4719 3.74653 11.4003L3.6709 11.2975L5.45723 9.53212L11.1118 13.4805C14.672 8.86059 17.9935 5.68739 20.1601 3.83437C22.5301 1.80735 24.0729 0.874181 24.0884 0.865238L24.1235 0.844238H27.1536L26.8642 1.10201C19.4202 7.73235 11.3517 21.8245 11.2713 21.9661L11.1449 22.1879Z\" fill=\"#020D19\"><\/path><\/svg>\t\t\t\t\t\t<\/span>\n\t\t\t\t\t\t\t\t\t\t<span class=\"elementor-icon-list-text\">\u015eeffafl\u0131k ve Hesap Verebilirlik<\/span>\n\t\t\t\t\t\t\t\t\t<\/li>\n\t\t\t\t\t\t\t\t<li class=\"elementor-icon-list-item\">\n\t\t\t\t\t\t\t\t\t\t\t<span class=\"elementor-icon-list-icon\">\n\t\t\t\t\t\t\t<svg xmlns=\"http:\/\/www.w3.org\/2000\/svg\" width=\"28\" height=\"25\" viewBox=\"0 0 28 25\" fill=\"none\"><path d=\"M11.0295 24.5003C16.6539 24.5003 21.2134 19.9408 21.2134 14.3164C21.2134 8.69203 16.6539 4.13257 11.0295 4.13257C5.40517 4.13257 0.845703 8.69203 0.845703 14.3164C0.845703 19.9408 5.40517 24.5003 11.0295 24.5003Z\" fill=\"#FF6D00\"><\/path><path d=\"M11.1449 22.1879L11.0158 21.9678C9.04269 18.606 3.79949 11.4719 3.74653 11.4003L3.6709 11.2975L5.45723 9.53212L11.1118 13.4805C14.672 8.86059 17.9935 5.68739 20.1601 3.83437C22.5301 1.80735 24.0729 0.874181 24.0884 0.865238L24.1235 0.844238H27.1536L26.8642 1.10201C19.4202 7.73235 11.3517 21.8245 11.2713 21.9661L11.1449 22.1879Z\" fill=\"#020D19\"><\/path><\/svg>\t\t\t\t\t\t<\/span>\n\t\t\t\t\t\t\t\t\t\t<span class=\"elementor-icon-list-text\">Yerel \u0130\u015f Birli\u011fi ve G\u00fc\u00e7lendirme<\/span>\n\t\t\t\t\t\t\t\t\t<\/li>\n\t\t\t\t\t\t<\/ul>\n\t\t\t\t\t\t<\/div>\n\t\t<div class=\"elementor-element elementor-element-431b656 e-con-full e-flex e-con e-child\" data-id=\"431b656\" data-element_type=\"container\">\n\t\t\t\t<div class=\"elementor-element elementor-element-a556493 elementor-widget__width-initial why-choose-us-conter elementor-widget elementor-widget-counter\" data-id=\"a556493\" data-element_type=\"widget\" data-settings=\"{&quot;ekit_we_effect_on&quot;:&quot;none&quot;}\" data-widget_type=\"counter.default\">\n\t\t\t\t\t\t\t<div class=\"elementor-counter\">\n\t\t\t<div class=\"elementor-counter-title\">Y\u0131ll\u0131k Deneyim<\/div>\t\t\t<div class=\"elementor-counter-number-wrapper\">\n\t\t\t\t<span class=\"elementor-counter-number-prefix\"><\/span>\n\t\t\t\t<span class=\"elementor-counter-number\" data-duration=\"2000\" data-to-value=\"5\" data-from-value=\"0\" data-delimiter=\",\">0<\/span>\n\t\t\t\t<span class=\"elementor-counter-number-suffix\">+<\/span>\n\t\t\t<\/div>\n\t\t<\/div>\n\t\t\t\t\t\t<\/div>\n\t\t\t\t<div class=\"elementor-element elementor-element-133d3be elementor-widget__width-initial why-choose-us-conter elementor-widget elementor-widget-counter\" data-id=\"133d3be\" data-element_type=\"widget\" data-settings=\"{&quot;ekit_we_effect_on&quot;:&quot;none&quot;}\" data-widget_type=\"counter.default\">\n\t\t\t\t\t\t\t<div class=\"elementor-counter\">\n\t\t\t<div class=\"elementor-counter-title\">G\u00f6n\u00fcll\u00fc<\/div>\t\t\t<div class=\"elementor-counter-number-wrapper\">\n\t\t\t\t<span class=\"elementor-counter-number-prefix\"><\/span>\n\t\t\t\t<span class=\"elementor-counter-number\" data-duration=\"2000\" data-to-value=\"300\" data-from-value=\"0\" data-delimiter=\",\">0<\/span>\n\t\t\t\t<span class=\"elementor-counter-number-suffix\">+<\/span>\n\t\t\t<\/div>\n\t\t<\/div>\n\t\t\t\t\t\t<\/div>\n\t\t\t\t<div class=\"elementor-element elementor-element-087de1d elementor-widget__width-initial why-choose-us-conter elementor-widget elementor-widget-counter\" data-id=\"087de1d\" data-element_type=\"widget\" data-settings=\"{&quot;ekit_we_effect_on&quot;:&quot;none&quot;}\" data-widget_type=\"counter.default\">\n\t\t\t\t\t\t\t<div class=\"elementor-counter\">\n\t\t\t<div class=\"elementor-counter-title\">Hizmet<\/div>\t\t\t<div class=\"elementor-counter-number-wrapper\">\n\t\t\t\t<span class=\"elementor-counter-number-prefix\"><\/span>\n\t\t\t\t<span class=\"elementor-counter-number\" data-duration=\"2000\" data-to-value=\"500\" data-from-value=\"0\" data-delimiter=\",\">0<\/span>\n\t\t\t\t<span class=\"elementor-counter-number-suffix\">+<\/span>\n\t\t\t<\/div>\n\t\t<\/div>\n\t\t\t\t\t\t<\/div>\n\t\t\t\t<\/div>\n\t\t\t\t<\/div>\n\t\t\t\t<\/div>\n\t\t\t\t\t<\/div>\n\t\t\t\t<\/div>\n\t\t<div class=\"elementor-element elementor-element-6e3f39f e-flex e-con-boxed e-con e-parent\" data-id=\"6e3f39f\" data-element_type=\"container\">\n\t\t\t\t\t<div class=\"e-con-inner\">\n\t\t\t\t<div class=\"elementor-element elementor-element-fc28213 at-heading-animation at-animation-heading-style-2 elementor-widget elementor-widget-heading\" data-id=\"fc28213\" data-element_type=\"widget\" data-settings=\"{&quot;ekit_we_effect_on&quot;:&quot;none&quot;}\" data-widget_type=\"heading.default\">\n\t\t\t\t\t<h3 class=\"elementor-heading-title elementor-size-default\">Ba\u015fvuru Formu<\/h3>\t\t\t\t<\/div>\n\t\t\t\t\t<\/div>\n\t\t\t\t<\/div>\n\t\t<div class=\"elementor-element elementor-element-8ea3d1d e-flex e-con-boxed e-con e-parent\" data-id=\"8ea3d1d\" data-element_type=\"container\">\n\t\t\t\t\t<div class=\"e-con-inner\">\n\t\t\t\t\t<\/div>\n\t\t\t\t<\/div>\n\t\t\t\t<\/div>\n\t\t","protected":false},"excerpt":{"rendered":"<p>Neden Biz? Birlikte Daha G\u00fc\u00e7l\u00fcy\u00fcz, Daha Etkiliyiz \u015eeffaf, topluma [&hellip;]<\/p>\n","protected":false},"author":1,"featured_media":0,"parent":0,"menu_order":0,"comment_status":"closed","ping_status":"closed","template":"","meta":{"give_campaign_id":0,"footnotes":""},"class_list":["post-14987","page","type-page","status-publish","hentry"],"campaignId":"","_links":{"self":[{"href":"https:\/\/ikram.teknomatyazilim.com\/index.php\/wp-json\/wp\/v2\/pages\/14987","targetHints":{"allow":["GET"]}}],"collection":[{"href":"https:\/\/ikram.teknomatyazilim.com\/index.php\/wp-json\/wp\/v2\/pages"}],"about":[{"href":"https:\/\/ikram.teknomatyazilim.com\/index.php\/wp-json\/wp\/v2\/types\/page"}],"author":[{"embeddable":true,"href":"https:\/\/ikram.teknomatyazilim.com\/index.php\/wp-json\/wp\/v2\/users\/1"}],"replies":[{"embeddable":true,"href":"https:\/\/ikram.teknomatyazilim.com\/index.php\/wp-json\/wp\/v2\/comments?post=14987"}],"version-history":[{"count":3,"href":"https:\/\/ikram.teknomatyazilim.com\/index.php\/wp-json\/wp\/v2\/pages\/14987\/revisions"}],"predecessor-version":[{"id":14990,"href":"https:\/\/ikram.teknomatyazilim.com\/index.php\/wp-json\/wp\/v2\/pages\/14987\/revisions\/14990"}],"wp:attachment":[{"href":"https:\/\/ikram.teknomatyazilim.com\/index.php\/wp-json\/wp\/v2\/media?parent=14987"}],"curies":[{"name":"wp","href":"https:\/\/api.w.org\/{rel}","templated":true}]}}